{"id":3610,"date":"2020-09-09T04:31:26","date_gmt":"2020-09-09T04:31:26","guid":{"rendered":"http:\/\/qyolab.com\/?page_id=3610"},"modified":"2025-11-05T20:34:22","modified_gmt":"2025-11-05T20:34:22","slug":"home","status":"publish","type":"page","link":"https:\/\/qyolab.com\/","title":{"rendered":""},"content":{"rendered":"\n<div class=\"wp-block-media-text alignwide has-media-on-the-right is-stacked-on-mobile has-ast-global-color-5-background-color has-background has-small-font-size\" style=\"grid-template-columns:auto 31%\"><div class=\"wp-block-media-text__content\">\n<h2 class=\"wp-block-heading has-text-align-center has-ast-global-color-0-background-color has-background\" style=\"font-size:22px\">\u00bfQui\u00e9nes somos?<\/h2>\n\n\n\n<p style=\"font-size:16px\">Somos una empresa creada, con el prop\u00f3sito de convertirnos en tu mejor opci\u00f3n como proveedor de insumos, equipos, servicio, atenci\u00f3n, y asesor\u00edas.<\/p>\n\n\n\n<p style=\"font-size:16px\">Dedicados a la atenci\u00f3n de laboratorios y hospitales tanto p\u00fablicos como privados.<\/p>\n\n\n\n<p style=\"font-size:16px\">Haciendo uso de nuestros 19 a\u00f1os de experiencia, trabajamos al cobijo de valores como responsabilidad, seriedad, amabilidad y honestidad con todos nuestros clientes por igual.<\/p>\n\n\n\n<p style=\"font-size:16px\">Los mismos que nos hacen conscientes de la importancia de un diagn\u00f3stico confiable y a tiempo para t\u00fa paciente, cerciorandonos de no dejar nada al azar, poniendo a tu alcance la mejor calidad tanto en productos, como en servicios<\/p>\n<\/div><figure class=\"wp-block-media-text__media\"><img loading=\"lazy\" decoding=\"async\" width=\"1024\" height=\"621\" src=\"http:\/\/qyolab.com\/wp-content\/uploads\/2022\/02\/qyolab-verde-2-1024x621.png\" alt=\"\" class=\"wp-image-3992 size-full\" srcset=\"https:\/\/qyolab.com\/wp-content\/uploads\/2022\/02\/qyolab-verde-2-1024x621.png 1024w, https:\/\/qyolab.com\/wp-content\/uploads\/2022\/02\/qyolab-verde-2-300x182.png 300w, https:\/\/qyolab.com\/wp-content\/uploads\/2022\/02\/qyolab-verde-2-768x466.png 768w, https:\/\/qyolab.com\/wp-content\/uploads\/2022\/02\/qyolab-verde-2-1536x932.png 1536w, https:\/\/qyolab.com\/wp-content\/uploads\/2022\/02\/qyolab-verde-2-2048x1242.png 2048w\" sizes=\"auto, (max-width: 1024px) 100vw, 1024px\" \/><\/figure><\/div>\n\n\n\n<h1 class=\"wp-block-heading\">Conoce nuestras ofertas<\/h1>\n\n\n\n<div class=\"wp-block-group alignfull is-layout-constrained wp-container-core-group-is-layout-eb524166 wp-block-group-is-layout-constrained\" style=\"padding-top:var(--wp--preset--spacing--40);padding-right:var(--wp--preset--spacing--30);padding-bottom:var(--wp--preset--spacing--40);padding-left:var(--wp--preset--spacing--30)\"><div style=\"min-height: 285px;; \" class=\"ub_image_slider swiper-container wp-block-ub-image-slider\" id=\"ub_image_slider_83f93e6a-543d-4a94-8762-22a910522051\" data-swiper-data='{\"speed\":300,\"spaceBetween\":20,\"slidesPerView\":1,\"loop\":true,\"pagination\":{\"el\": \".swiper-pagination\" , \"type\": \"bullets\", \"clickable\":true},\"navigation\": {\"nextEl\": \".swiper-button-next\", \"prevEl\": \".swiper-button-prev\"}, \"keyboard\": { \"enabled\": true }, \"effect\": \"slide\",\"simulateTouch\":false}'>\n            <div class=\"swiper-wrapper\"><figure class=\"swiper-slide\">\n                <img decoding=\"async\" src=\"http:\/\/qyolab.com\/wp-content\/uploads\/2025\/07\/test-1-8.png\" alt=\"\" style=\"height: 250px;; \">\n                <figcaption class=\"ub_image_slider_image_caption\"><\/figcaption>\n            <\/figure><figure class=\"swiper-slide\">\n                <img decoding=\"async\" src=\"http:\/\/qyolab.com\/wp-content\/uploads\/2025\/07\/test-1-6.png\" alt=\"\" style=\"height: 250px;; \">\n                <figcaption class=\"ub_image_slider_image_caption\"><\/figcaption>\n            <\/figure><figure class=\"swiper-slide\">\n                <img decoding=\"async\" src=\"http:\/\/qyolab.com\/wp-content\/uploads\/2025\/07\/test-1-3-1.png\" alt=\"\" style=\"height: 250px;; \">\n                <figcaption class=\"ub_image_slider_image_caption\"><\/figcaption>\n            <\/figure><figure class=\"swiper-slide\">\n                <img decoding=\"async\" src=\"http:\/\/qyolab.com\/wp-content\/uploads\/2025\/08\/Copia-de-test-1.png\" alt=\"\" style=\"height: 250px;; \">\n                <figcaption class=\"ub_image_slider_image_caption\"><\/figcaption>\n            <\/figure><\/div>\n            <div class=\"swiper-pagination\"><\/div>\n            <div class=\"swiper-button-prev\"><\/div> <div class=\"swiper-button-next\"><\/div>\n        <\/div>\n\n<div style=\"gap: 20px;\" class=\"align-button-center ub-buttons orientation-button-row ub-flex-wrap wp-block-ub-button\" id=\"ub-button-67ab5e0f-b2a0-4f06-90dc-ce0ff1a9d9d9\"><div class=\"ub-button-container\">\n\t\t\t<a href=\"https:\/\/qyolab.com\/?page_id=4605\" target=\"_blank\" rel=\"noopener noreferrer nofollow\" class=\"ub-button-block-main   ub-button-flex\" role=\"button\" style=\"--ub-button-background-color: rgb(165, 205, 57); --ub-button-color: rgb(255, 255, 255); --ub-button-border: none; --ub-button-hover-background-color: #313131; --ub-button-hover-color: #ffffff; --ub-button-hover-border: none; padding-top: 10px; padding-right: 10px; padding-bottom: 10px; padding-left: 10px; \">\n\t\t\t\t<div class=\"ub-button-content-holder\" style=\"flex-direction: row\">\n\t\t\t\t\t<span class=\"ub-button-block-btn\">Ofertas<\/span>\n\t\t\t\t<\/div>\n\t\t\t<\/a>\n\t\t<\/div><\/div><\/div>\n\n\n\n<p class=\"has-ast-global-color-3-color has-text-color has-medium-font-size\">En Qyolab nos especializamos en la venta de equipos, reactivos y materiales para laboratorio cl\u00ednico, ofreciendo soluciones integrales que se adaptan a las necesidades de cada cliente. Adem\u00e1s, brindamos asesor\u00eda, capacitaci\u00f3n y mantenimiento a trav\u00e9s de personal calificado, garantizando un servicio completo y confiable.<\/p>\n\n\n\n<div class=\"wp-block-columns is-layout-flex wp-container-core-columns-is-layout-28f84493 wp-block-columns-is-layout-flex\">\n<div class=\"wp-block-column has-ast-global-color-5-color has-white-background-color has-text-color has-background is-layout-flow wp-block-column-is-layout-flow\">\n<figure class=\"wp-block-image size-medium is-resized uag-hide-tab uag-hide-mob\"><img loading=\"lazy\" decoding=\"async\" width=\"300\" height=\"189\" src=\"https:\/\/qyolab.com\/wp-content\/uploads\/2022\/04\/064fc0a2-81e2-4b7a-958e-4a52078e529e-1-300x189.png\" alt=\"BD logo\n\" class=\"wp-image-4141\" style=\"width:150px;height:95px\" srcset=\"https:\/\/qyolab.com\/wp-content\/uploads\/2022\/04\/064fc0a2-81e2-4b7a-958e-4a52078e529e-1-300x189.png 300w, https:\/\/qyolab.com\/wp-content\/uploads\/2022\/04\/064fc0a2-81e2-4b7a-958e-4a52078e529e-1-1024x644.png 1024w, https:\/\/qyolab.com\/wp-content\/uploads\/2022\/04\/064fc0a2-81e2-4b7a-958e-4a52078e529e-1-768x483.png 768w, https:\/\/qyolab.com\/wp-content\/uploads\/2022\/04\/064fc0a2-81e2-4b7a-958e-4a52078e529e-1-1536x966.png 1536w, https:\/\/qyolab.com\/wp-content\/uploads\/2022\/04\/064fc0a2-81e2-4b7a-958e-4a52078e529e-1.png 2000w\" sizes=\"auto, (max-width: 300px) 100vw, 300px\" \/><\/figure>\n\n\n\n<div class=\"wp-block-group is-layout-flow wp-block-group-is-layout-flow\"><\/div>\n<\/div>\n\n\n\n<div class=\"wp-block-column is-layout-flow wp-block-column-is-layout-flow\">\n<figure class=\"wp-block-image size-medium is-resized uag-hide-tab uag-hide-mob\"><img loading=\"lazy\" decoding=\"async\" width=\"300\" height=\"169\" src=\"https:\/\/qyolab.com\/wp-content\/uploads\/2022\/04\/dda763b9-3076-4618-87e9-a4ad2063f823-300x169.png\" alt=\"Genrui Logo\" class=\"wp-image-4145\" style=\"width:148px;height:84px\" srcset=\"https:\/\/qyolab.com\/wp-content\/uploads\/2022\/04\/dda763b9-3076-4618-87e9-a4ad2063f823-300x169.png 300w, https:\/\/qyolab.com\/wp-content\/uploads\/2022\/04\/dda763b9-3076-4618-87e9-a4ad2063f823-1024x576.png 1024w, https:\/\/qyolab.com\/wp-content\/uploads\/2022\/04\/dda763b9-3076-4618-87e9-a4ad2063f823-768x432.png 768w, https:\/\/qyolab.com\/wp-content\/uploads\/2022\/04\/dda763b9-3076-4618-87e9-a4ad2063f823-1536x864.png 1536w, https:\/\/qyolab.com\/wp-content\/uploads\/2022\/04\/dda763b9-3076-4618-87e9-a4ad2063f823-2048x1151.png 2048w\" sizes=\"auto, (max-width: 300px) 100vw, 300px\" \/><\/figure>\n\n\n\n<figure class=\"wp-block-image size-medium is-resized uag-hide-tab uag-hide-mob\"><img loading=\"lazy\" decoding=\"async\" width=\"300\" height=\"169\" src=\"https:\/\/qyolab.com\/wp-content\/uploads\/2022\/04\/eef7df0b-330d-478a-814c-ac163e0ea0e9-300x169.png\" alt=\"Brand Logo\" class=\"wp-image-4156\" style=\"width:150px;height:85px\" srcset=\"https:\/\/qyolab.com\/wp-content\/uploads\/2022\/04\/eef7df0b-330d-478a-814c-ac163e0ea0e9-300x169.png 300w, https:\/\/qyolab.com\/wp-content\/uploads\/2022\/04\/eef7df0b-330d-478a-814c-ac163e0ea0e9-1024x576.png 1024w, https:\/\/qyolab.com\/wp-content\/uploads\/2022\/04\/eef7df0b-330d-478a-814c-ac163e0ea0e9-768x432.png 768w, https:\/\/qyolab.com\/wp-content\/uploads\/2022\/04\/eef7df0b-330d-478a-814c-ac163e0ea0e9-1536x864.png 1536w, https:\/\/qyolab.com\/wp-content\/uploads\/2022\/04\/eef7df0b-330d-478a-814c-ac163e0ea0e9-2048x1151.png 2048w\" sizes=\"auto, (max-width: 300px) 100vw, 300px\" \/><\/figure>\n<\/div>\n\n\n\n<div class=\"wp-block-column is-layout-flow wp-block-column-is-layout-flow\">\n<figure class=\"wp-block-image size-medium is-resized uag-hide-tab uag-hide-mob\"><img loading=\"lazy\" decoding=\"async\" width=\"300\" height=\"169\" src=\"https:\/\/qyolab.com\/wp-content\/uploads\/2022\/04\/2ed6827b-b87f-4471-92f6-a0eb7f311b32-2-300x169.png\" alt=\"Dyasys Logo\" class=\"wp-image-4155\" style=\"width:150px;height:85px\" srcset=\"https:\/\/qyolab.com\/wp-content\/uploads\/2022\/04\/2ed6827b-b87f-4471-92f6-a0eb7f311b32-2-300x169.png 300w, https:\/\/qyolab.com\/wp-content\/uploads\/2022\/04\/2ed6827b-b87f-4471-92f6-a0eb7f311b32-2-1024x576.png 1024w, https:\/\/qyolab.com\/wp-content\/uploads\/2022\/04\/2ed6827b-b87f-4471-92f6-a0eb7f311b32-2-768x432.png 768w, https:\/\/qyolab.com\/wp-content\/uploads\/2022\/04\/2ed6827b-b87f-4471-92f6-a0eb7f311b32-2-1536x864.png 1536w, https:\/\/qyolab.com\/wp-content\/uploads\/2022\/04\/2ed6827b-b87f-4471-92f6-a0eb7f311b32-2-2048x1151.png 2048w\" sizes=\"auto, (max-width: 300px) 100vw, 300px\" \/><\/figure>\n\n\n\n<figure class=\"wp-block-image size-medium is-resized uag-hide-tab uag-hide-mob\"><img loading=\"lazy\" decoding=\"async\" width=\"300\" height=\"169\" src=\"https:\/\/qyolab.com\/wp-content\/uploads\/2022\/04\/e38fbff3-d99b-43d3-868b-1cc41d090e39-1-300x169.png\" alt=\"Ral Logo\" class=\"wp-image-4144\" style=\"width:150px;height:85px\" srcset=\"https:\/\/qyolab.com\/wp-content\/uploads\/2022\/04\/e38fbff3-d99b-43d3-868b-1cc41d090e39-1-300x169.png 300w, https:\/\/qyolab.com\/wp-content\/uploads\/2022\/04\/e38fbff3-d99b-43d3-868b-1cc41d090e39-1-1024x576.png 1024w, https:\/\/qyolab.com\/wp-content\/uploads\/2022\/04\/e38fbff3-d99b-43d3-868b-1cc41d090e39-1-768x432.png 768w, https:\/\/qyolab.com\/wp-content\/uploads\/2022\/04\/e38fbff3-d99b-43d3-868b-1cc41d090e39-1-1536x864.png 1536w, https:\/\/qyolab.com\/wp-content\/uploads\/2022\/04\/e38fbff3-d99b-43d3-868b-1cc41d090e39-1-2048x1151.png 2048w\" sizes=\"auto, (max-width: 300px) 100vw, 300px\" \/><\/figure>\n<\/div>\n\n\n\n<div class=\"wp-block-column is-layout-flow wp-block-column-is-layout-flow\">\n<figure class=\"wp-block-image size-medium is-resized uag-hide-tab uag-hide-mob\"><img loading=\"lazy\" decoding=\"async\" width=\"300\" height=\"169\" src=\"https:\/\/qyolab.com\/wp-content\/uploads\/2022\/04\/5f7ad7c4-7dd3-4761-b48d-579411020916-300x169.png\" alt=\"DiaLab logo\" class=\"wp-image-4136\" style=\"width:150px;height:85px\" srcset=\"https:\/\/qyolab.com\/wp-content\/uploads\/2022\/04\/5f7ad7c4-7dd3-4761-b48d-579411020916-300x169.png 300w, https:\/\/qyolab.com\/wp-content\/uploads\/2022\/04\/5f7ad7c4-7dd3-4761-b48d-579411020916-1024x576.png 1024w, https:\/\/qyolab.com\/wp-content\/uploads\/2022\/04\/5f7ad7c4-7dd3-4761-b48d-579411020916-768x432.png 768w, https:\/\/qyolab.com\/wp-content\/uploads\/2022\/04\/5f7ad7c4-7dd3-4761-b48d-579411020916-1536x864.png 1536w, https:\/\/qyolab.com\/wp-content\/uploads\/2022\/04\/5f7ad7c4-7dd3-4761-b48d-579411020916-2048x1151.png 2048w\" sizes=\"auto, (max-width: 300px) 100vw, 300px\" \/><\/figure>\n\n\n\n<figure class=\"wp-block-image size-medium is-resized uag-hide-tab uag-hide-mob\"><img loading=\"lazy\" decoding=\"async\" width=\"300\" height=\"169\" src=\"https:\/\/qyolab.com\/wp-content\/uploads\/2022\/04\/c7f3dff7-f7e1-4691-829e-6fb3a6d4859f-300x169.png\" alt=\"IMPROVE logo\" class=\"wp-image-4161\" style=\"width:150px;height:85px\" srcset=\"https:\/\/qyolab.com\/wp-content\/uploads\/2022\/04\/c7f3dff7-f7e1-4691-829e-6fb3a6d4859f-300x169.png 300w, https:\/\/qyolab.com\/wp-content\/uploads\/2022\/04\/c7f3dff7-f7e1-4691-829e-6fb3a6d4859f-1024x576.png 1024w, https:\/\/qyolab.com\/wp-content\/uploads\/2022\/04\/c7f3dff7-f7e1-4691-829e-6fb3a6d4859f-768x432.png 768w, https:\/\/qyolab.com\/wp-content\/uploads\/2022\/04\/c7f3dff7-f7e1-4691-829e-6fb3a6d4859f-1536x864.png 1536w, https:\/\/qyolab.com\/wp-content\/uploads\/2022\/04\/c7f3dff7-f7e1-4691-829e-6fb3a6d4859f-2048x1151.png 2048w\" sizes=\"auto, (max-width: 300px) 100vw, 300px\" \/><\/figure>\n<\/div>\n\n\n\n<div class=\"wp-block-column is-layout-flow wp-block-column-is-layout-flow\">\n<figure class=\"wp-block-image size-medium is-resized uag-hide-tab uag-hide-mob\"><img loading=\"lazy\" decoding=\"async\" width=\"300\" height=\"132\" src=\"https:\/\/qyolab.com\/wp-content\/uploads\/2022\/04\/f284c862-c477-4402-9b46-0727b1f4bbc5-300x132.png\" alt=\"Copan Logo\" class=\"wp-image-4159\" style=\"width:150px;height:66px\" srcset=\"https:\/\/qyolab.com\/wp-content\/uploads\/2022\/04\/f284c862-c477-4402-9b46-0727b1f4bbc5-300x132.png 300w, https:\/\/qyolab.com\/wp-content\/uploads\/2022\/04\/f284c862-c477-4402-9b46-0727b1f4bbc5-1024x452.png 1024w, https:\/\/qyolab.com\/wp-content\/uploads\/2022\/04\/f284c862-c477-4402-9b46-0727b1f4bbc5-768x339.png 768w, https:\/\/qyolab.com\/wp-content\/uploads\/2022\/04\/f284c862-c477-4402-9b46-0727b1f4bbc5-1536x678.png 1536w, https:\/\/qyolab.com\/wp-content\/uploads\/2022\/04\/f284c862-c477-4402-9b46-0727b1f4bbc5-2048x904.png 2048w\" sizes=\"auto, (max-width: 300px) 100vw, 300px\" \/><\/figure>\n\n\n\n<figure class=\"wp-block-image size-large\"><img loading=\"lazy\" decoding=\"async\" width=\"1024\" height=\"303\" src=\"https:\/\/qyolab.com\/wp-content\/uploads\/2025\/06\/Mexlab_logo-responsive-1024x303.png\" alt=\"\" class=\"wp-image-4536\" srcset=\"https:\/\/qyolab.com\/wp-content\/uploads\/2025\/06\/Mexlab_logo-responsive-1024x303.png 1024w, https:\/\/qyolab.com\/wp-content\/uploads\/2025\/06\/Mexlab_logo-responsive-300x89.png 300w, https:\/\/qyolab.com\/wp-content\/uploads\/2025\/06\/Mexlab_logo-responsive-768x227.png 768w, https:\/\/qyolab.com\/wp-content\/uploads\/2025\/06\/Mexlab_logo-responsive.png 1237w\" sizes=\"auto, (max-width: 1024px) 100vw, 1024px\" \/><\/figure>\n<\/div>\n\n\n\n<div class=\"wp-block-column is-layout-flow wp-block-column-is-layout-flow\">\n<figure class=\"wp-block-image size-medium is-resized uag-hide-tab uag-hide-mob\"><img loading=\"lazy\" decoding=\"async\" width=\"300\" height=\"169\" src=\"https:\/\/qyolab.com\/wp-content\/uploads\/2022\/04\/d4bfd508-d895-4a3d-82c4-48b37631d874-300x169.png\" alt=\"Adaltis\" class=\"wp-image-4139\" style=\"width:150px;height:85px\" srcset=\"https:\/\/qyolab.com\/wp-content\/uploads\/2022\/04\/d4bfd508-d895-4a3d-82c4-48b37631d874-300x169.png 300w, https:\/\/qyolab.com\/wp-content\/uploads\/2022\/04\/d4bfd508-d895-4a3d-82c4-48b37631d874-1024x576.png 1024w, https:\/\/qyolab.com\/wp-content\/uploads\/2022\/04\/d4bfd508-d895-4a3d-82c4-48b37631d874-768x432.png 768w, https:\/\/qyolab.com\/wp-content\/uploads\/2022\/04\/d4bfd508-d895-4a3d-82c4-48b37631d874-1536x864.png 1536w, https:\/\/qyolab.com\/wp-content\/uploads\/2022\/04\/d4bfd508-d895-4a3d-82c4-48b37631d874-2048x1151.png 2048w\" sizes=\"auto, (max-width: 300px) 100vw, 300px\" \/><\/figure>\n\n\n\n<figure class=\"wp-block-image size-medium uag-hide-tab uag-hide-mob\"><img loading=\"lazy\" decoding=\"async\" width=\"300\" height=\"169\" src=\"https:\/\/qyolab.com\/wp-content\/uploads\/2022\/04\/63acff8b-6c76-4b7d-aedd-c2bf69188d31-300x169.png\" alt=\"MCD LAB logo\" class=\"wp-image-4152\" srcset=\"https:\/\/qyolab.com\/wp-content\/uploads\/2022\/04\/63acff8b-6c76-4b7d-aedd-c2bf69188d31-300x169.png 300w, https:\/\/qyolab.com\/wp-content\/uploads\/2022\/04\/63acff8b-6c76-4b7d-aedd-c2bf69188d31-1024x576.png 1024w, https:\/\/qyolab.com\/wp-content\/uploads\/2022\/04\/63acff8b-6c76-4b7d-aedd-c2bf69188d31-768x432.png 768w, https:\/\/qyolab.com\/wp-content\/uploads\/2022\/04\/63acff8b-6c76-4b7d-aedd-c2bf69188d31-1536x864.png 1536w, https:\/\/qyolab.com\/wp-content\/uploads\/2022\/04\/63acff8b-6c76-4b7d-aedd-c2bf69188d31-2048x1151.png 2048w\" sizes=\"auto, (max-width: 300px) 100vw, 300px\" \/><\/figure>\n<\/div>\n<\/div>\n\n\n\n<div class=\"wp-block-group alignfull has-contrast-color has-text-color is-vertical is-content-justification-center is-layout-flex wp-container-core-group-is-layout-f306f087 wp-block-group-is-layout-flex\" style=\"min-height:40vh;margin-top:0;margin-bottom:0;padding-top:var(--wp--preset--spacing--60);padding-right:var(--wp--preset--spacing--50);padding-bottom:var(--wp--preset--spacing--60);padding-left:var(--wp--preset--spacing--50)\"><div style=\"margin-bottom:6px;\" class=\"is-default-size aligncenter wp-block-site-logo\"><a href=\"https:\/\/qyolab.com\/\" class=\"custom-logo-link\" rel=\"home\"><img loading=\"lazy\" decoding=\"async\" width=\"2560\" height=\"1505\" src=\"https:\/\/qyolab.com\/wp-content\/uploads\/2022\/02\/cropped-qyolab-verde-scaled-155x91.png\" class=\"custom-logo\" alt=\"QyoLab Distribuidora\" srcset=\"https:\/\/qyolab.com\/wp-content\/uploads\/2022\/02\/cropped-qyolab-verde-scaled.png 2560w, https:\/\/qyolab.com\/wp-content\/uploads\/2022\/02\/cropped-qyolab-verde-scaled-300x176.png 300w, https:\/\/qyolab.com\/wp-content\/uploads\/2022\/02\/cropped-qyolab-verde-scaled-1024x602.png 1024w, https:\/\/qyolab.com\/wp-content\/uploads\/2022\/02\/cropped-qyolab-verde-scaled-768x452.png 768w, https:\/\/qyolab.com\/wp-content\/uploads\/2022\/02\/cropped-qyolab-verde-scaled-1536x903.png 1536w, https:\/\/qyolab.com\/wp-content\/uploads\/2022\/02\/cropped-qyolab-verde-scaled-2048x1204.png 2048w, https:\/\/qyolab.com\/wp-content\/uploads\/2022\/02\/cropped-qyolab-verde-scaled-155x91.png 155w\" sizes=\"auto, (max-width: 2560px) 100vw, 2560px\" \/><\/a><\/div>\n\n\n<p class=\"has-text-align-center has-medium-font-size\">Proudly powered by <a href=\"https:\/\/wordpress.org\">WordPress<\/a><\/p>\n\n\n\n<ul class=\"wp-block-social-links has-normal-icon-size is-style-logos-only is-nowrap is-layout-flex wp-container-core-social-links-is-layout-65900438 wp-block-social-links-is-layout-flex\"><li class=\"wp-social-link wp-social-link-facebook  wp-block-social-link\"><a href=\"#\" class=\"wp-block-social-link-anchor\"><svg width=\"24\" height=\"24\" viewBox=\"0 0 24 24\" version=\"1.1\" xmlns=\"http:\/\/www.w3.org\/2000\/svg\" aria-hidden=\"true\" focusable=\"false\"><path d=\"M12 2C6.5 2 2 6.5 2 12c0 5 3.7 9.1 8.4 9.9v-7H7.9V12h2.5V9.8c0-2.5 1.5-3.9 3.8-3.9 1.1 0 2.2.2 2.2.2v2.5h-1.3c-1.2 0-1.6.8-1.6 1.6V12h2.8l-.4 2.9h-2.3v7C18.3 21.1 22 17 22 12c0-5.5-4.5-10-10-10z\"><\/path><\/svg><span class=\"wp-block-social-link-label screen-reader-text\">Facebook<\/span><\/a><\/li>\n\n<li class=\"wp-social-link wp-social-link-twitter  wp-block-social-link\"><a href=\"#\" class=\"wp-block-social-link-anchor\"><svg width=\"24\" height=\"24\" viewBox=\"0 0 24 24\" version=\"1.1\" xmlns=\"http:\/\/www.w3.org\/2000\/svg\" aria-hidden=\"true\" focusable=\"false\"><path d=\"M22.23,5.924c-0.736,0.326-1.527,0.547-2.357,0.646c0.847-0.508,1.498-1.312,1.804-2.27 c-0.793,0.47-1.671,0.812-2.606,0.996C18.324,4.498,17.257,4,16.077,4c-2.266,0-4.103,1.837-4.103,4.103 c0,0.322,0.036,0.635,0.106,0.935C8.67,8.867,5.647,7.234,3.623,4.751C3.27,5.357,3.067,6.062,3.067,6.814 c0,1.424,0.724,2.679,1.825,3.415c-0.673-0.021-1.305-0.206-1.859-0.513c0,0.017,0,0.034,0,0.052c0,1.988,1.414,3.647,3.292,4.023 c-0.344,0.094-0.707,0.144-1.081,0.144c-0.264,0-0.521-0.026-0.772-0.074c0.522,1.63,2.038,2.816,3.833,2.85 c-1.404,1.1-3.174,1.756-5.096,1.756c-0.331,0-0.658-0.019-0.979-0.057c1.816,1.164,3.973,1.843,6.29,1.843 c7.547,0,11.675-6.252,11.675-11.675c0-0.178-0.004-0.355-0.012-0.531C20.985,7.47,21.68,6.747,22.23,5.924z\"><\/path><\/svg><span class=\"wp-block-social-link-label screen-reader-text\">Twitter<\/span><\/a><\/li>\n\n<li class=\"wp-social-link wp-social-link-wordpress  wp-block-social-link\"><a href=\"#\" class=\"wp-block-social-link-anchor\"><svg width=\"24\" height=\"24\" viewBox=\"0 0 24 24\" version=\"1.1\" xmlns=\"http:\/\/www.w3.org\/2000\/svg\" aria-hidden=\"true\" focusable=\"false\"><path d=\"M12.158,12.786L9.46,20.625c0.806,0.237,1.657,0.366,2.54,0.366c1.047,0,2.051-0.181,2.986-0.51 c-0.024-0.038-0.046-0.079-0.065-0.124L12.158,12.786z M3.009,12c0,3.559,2.068,6.634,5.067,8.092L3.788,8.341 C3.289,9.459,3.009,10.696,3.009,12z M18.069,11.546c0-1.112-0.399-1.881-0.741-2.48c-0.456-0.741-0.883-1.368-0.883-2.109 c0-0.826,0.627-1.596,1.51-1.596c0.04,0,0.078,0.005,0.116,0.007C16.472,3.904,14.34,3.009,12,3.009 c-3.141,0-5.904,1.612-7.512,4.052c0.211,0.007,0.41,0.011,0.579,0.011c0.94,0,2.396-0.114,2.396-0.114 C7.947,6.93,8.004,7.642,7.52,7.699c0,0-0.487,0.057-1.029,0.085l3.274,9.739l1.968-5.901l-1.401-3.838 C9.848,7.756,9.389,7.699,9.389,7.699C8.904,7.67,8.961,6.93,9.446,6.958c0,0,1.484,0.114,2.368,0.114 c0.94,0,2.397-0.114,2.397-0.114c0.485-0.028,0.542,0.684,0.057,0.741c0,0-0.488,0.057-1.029,0.085l3.249,9.665l0.897-2.996 C17.841,13.284,18.069,12.316,18.069,11.546z M19.889,7.686c0.039,0.286,0.06,0.593,0.06,0.924c0,0.912-0.171,1.938-0.684,3.22 l-2.746,7.94c2.673-1.558,4.47-4.454,4.47-7.771C20.991,10.436,20.591,8.967,19.889,7.686z M12,22C6.486,22,2,17.514,2,12 C2,6.486,6.486,2,12,2c5.514,0,10,4.486,10,10C22,17.514,17.514,22,12,22z\"><\/path><\/svg><span class=\"wp-block-social-link-label screen-reader-text\">WordPress<\/span><\/a><\/li><\/ul>\n<\/div>\n\n\n\n<p><\/p>\n","protected":false},"excerpt":{"rendered":"<p>\u00bfQui\u00e9nes somos? Somos una empresa creada, con el prop\u00f3sito de convertirnos en tu mejor opci\u00f3n como proveedor de insumos, equipos, servicio, atenci\u00f3n, y asesor\u00edas. Dedicados a la atenci\u00f3n de laboratorios y hospitales tanto p\u00fablicos como privados. Haciendo uso de nuestros 19 a\u00f1os de experiencia, trabajamos al cobijo de valores como responsabilidad, seriedad, amabilidad y honestidad [&hellip;]<\/p>\n","protected":false},"author":1,"featured_media":0,"parent":0,"menu_order":0,"comment_status":"closed","ping_status":"closed","template":"","meta":{"om_disable_all_campaigns":false,"_uag_custom_page_level_css":"","_monsterinsights_skip_tracking":false,"_monsterinsights_sitenote_active":false,"_monsterinsights_sitenote_note":"","_monsterinsights_sitenote_category":0,"site-sidebar-layout":"no-sidebar","site-content-layout":"plain-container","ast-site-content-layout":"default","site-content-style":"default","site-sidebar-style":"default","ast-global-header-display":"","ast-banner-title-visibility":"","ast-main-header-display":"","ast-hfb-above-header-display":"","ast-hfb-below-header-display":"","ast-hfb-mobile-header-display":"","site-post-title":"disabled","ast-breadcrumbs-content":"","ast-featured-img":"disabled","footer-sml-layout":"","theme-transparent-header-meta":"default","adv-header-id-meta":"","stick-header-meta":"","header-above-stick-meta":"","header-main-stick-meta":"","header-below-stick-meta":"","astra-migrate-meta-layouts":"default","ast-page-background-enabled":"default","ast-page-background-meta":{"desktop":{"background-color":"","background-image":"","background-repeat":"repeat","background-position":"center center","background-size":"auto","background-attachment":"scroll","background-type":"","background-media":"","overlay-type":"","overlay-color":"","overlay-opacity":"","overlay-gradient":""},"tablet":{"background-color":"","background-image":"","background-repeat":"repeat","background-position":"center center","background-size":"auto","background-attachment":"scroll","background-type":"","background-media":"","overlay-type":"","overlay-color":"","overlay-opacity":"","overlay-gradient":""},"mobile":{"background-color":"","background-image":"","background-repeat":"repeat","background-position":"center center","background-size":"auto","background-attachment":"scroll","background-type":"","background-media":"","overlay-type":"","overlay-color":"","overlay-opacity":"","overlay-gradient":""}},"ast-content-background-meta":{"desktop":{"background-color":"var(--ast-global-color-5)","background-image":"","background-repeat":"repeat","background-position":"center center","background-size":"auto","background-attachment":"scroll","background-type":"","background-media":"","overlay-type":"","overlay-color":"","overlay-opacity":"","overlay-gradient":""},"tablet":{"background-color":"var(--ast-global-color-5)","background-image":"","background-repeat":"repeat","background-position":"center center","background-size":"auto","background-attachment":"scroll","background-type":"","background-media":"","overlay-type":"","overlay-color":"","overlay-opacity":"","overlay-gradient":""},"mobile":{"background-color":"var(--ast-global-color-5)","background-image":"","background-repeat":"repeat","background-position":"center center","background-size":"auto","background-attachment":"scroll","background-type":"","background-media":"","overlay-type":"","overlay-color":"","overlay-opacity":"","overlay-gradient":""}},"footnotes":""},"class_list":["post-3610","page","type-page","status-publish","hentry"],"aioseo_notices":[],"featured_image_src":null,"uagb_featured_image_src":{"full":false,"thumbnail":false,"medium":false,"medium_large":false,"large":false,"1536x1536":false,"2048x2048":false},"uagb_author_info":{"display_name":"qyolabdistribuidora@gmail.com","author_link":"https:\/\/qyolab.com\/?author=1"},"uagb_comment_info":0,"uagb_excerpt":"\u00bfQui\u00e9nes somos? Somos una empresa creada, con el prop\u00f3sito de convertirnos en tu mejor opci\u00f3n como proveedor de insumos, equipos, servicio, atenci\u00f3n, y asesor\u00edas. Dedicados a la atenci\u00f3n de laboratorios y hospitales tanto p\u00fablicos como privados. Haciendo uso de nuestros 19 a\u00f1os de experiencia, trabajamos al cobijo de valores como responsabilidad, seriedad, amabilidad y honestidad&hellip;","_links":{"self":[{"href":"https:\/\/qyolab.com\/index.php?rest_route=\/wp\/v2\/pages\/3610","targetHints":{"allow":["GET"]}}],"collection":[{"href":"https:\/\/qyolab.com\/index.php?rest_route=\/wp\/v2\/pages"}],"about":[{"href":"https:\/\/qyolab.com\/index.php?rest_route=\/wp\/v2\/types\/page"}],"author":[{"embeddable":true,"href":"https:\/\/qyolab.com\/index.php?rest_route=\/wp\/v2\/users\/1"}],"replies":[{"embeddable":true,"href":"https:\/\/qyolab.com\/index.php?rest_route=%2Fwp%2Fv2%2Fcomments&post=3610"}],"version-history":[{"count":90,"href":"https:\/\/qyolab.com\/index.php?rest_route=\/wp\/v2\/pages\/3610\/revisions"}],"predecessor-version":[{"id":4681,"href":"https:\/\/qyolab.com\/index.php?rest_route=\/wp\/v2\/pages\/3610\/revisions\/4681"}],"wp:attachment":[{"href":"https:\/\/qyolab.com\/index.php?rest_route=%2Fwp%2Fv2%2Fmedia&parent=3610"}],"curies":[{"name":"wp","href":"https:\/\/api.w.org\/{rel}","templated":true}]}}