{"id":4002,"date":"2022-05-25T20:44:12","date_gmt":"2022-05-25T20:44:12","guid":{"rendered":"https:\/\/qyolab.com\/?page_id=4002"},"modified":"2025-07-16T20:22:13","modified_gmt":"2025-07-16T20:22:13","slug":"equipos-de-laboratorio","status":"publish","type":"page","link":"https:\/\/qyolab.com\/?page_id=4002","title":{"rendered":"Equipos de laboratorio"},"content":{"rendered":"\n<div class=\"inherit-container-width wp-block-group alignfull ext-my-0 ext is-layout-constrained wp-block-group-is-layout-constrained\">\n<div class=\"wp-block-media-text alignwide is-stacked-on-mobile ext-py-lg ext\"><figure class=\"wp-block-media-text__media\"><img loading=\"lazy\" decoding=\"async\" width=\"769\" height=\"1024\" src=\"http:\/\/qyolab.com\/wp-content\/uploads\/2022\/05\/EQUIPO-KT40-769x1024.png\" alt=\"\" class=\"wp-image-4273 size-full\" srcset=\"https:\/\/qyolab.com\/wp-content\/uploads\/2022\/05\/EQUIPO-KT40-769x1024.png 769w, https:\/\/qyolab.com\/wp-content\/uploads\/2022\/05\/EQUIPO-KT40-225x300.png 225w, https:\/\/qyolab.com\/wp-content\/uploads\/2022\/05\/EQUIPO-KT40-768x1023.png 768w, https:\/\/qyolab.com\/wp-content\/uploads\/2022\/05\/EQUIPO-KT40-1153x1536.png 1153w, https:\/\/qyolab.com\/wp-content\/uploads\/2022\/05\/EQUIPO-KT40-1537x2048.png 1537w\" sizes=\"auto, (max-width: 769px) 100vw, 769px\" \/><\/figure><div class=\"wp-block-media-text__content\">\n<div class=\"wp-block-columns alignwide are-vertically-aligned-center tablet:fullwidth-cols ext-my-0 is-layout-flex wp-container-core-columns-is-layout-28f84493 wp-block-columns-is-layout-flex\">\n<div class=\"wp-block-column is-vertically-aligned-center editor:no-inserter ext-mb-base ext-mt-base tablet:ext-mt-base tablet:ext-mb-0 is-layout-flow wp-block-column-is-layout-flow\">\n<h2 class=\"wp-block-heading ext-mt-0 ext-mb-base has-ext-large-font-size\" id=\"a-small-heading\">Nuestros equipos<\/h2>\n\n\n\n<p class=\"ext-mt-0 has-medium-font-size\">Con la misi\u00f3n de brindarte el mejor servicio y cubrir con las necesidades de tu laboratorio, contamos con equipos de distintas \u00e1reas y especialidades para satisfacer todas las necesidades de tu negocio.<\/p>\n\n\n<div class=\"wp-block-ub-content-toggle wp-block-ub-content-toggle-block\" id=\"ub-content-toggle-block-647fdb5b-387c-4b72-8ac3-44bd38867145\" data-mobilecollapse=\"true\" data-desktopcollapse=\"true\" data-preventcollapse=\"false\" data-showonlyone=\"false\">\n<div class=\"wp-block-ub-content-toggle-accordion\" style=\"border-color: #f1f1f1;\" id=\"ub-content-toggle-panel-block-\">\n\t\t\t<div class=\"wp-block-ub-content-toggle-accordion-title-wrap\" style=\"background-color: #f1f1f1;\" aria-controls=\"ub-content-toggle-panel-0-647fdb5b-387c-4b72-8ac3-44bd38867145\" tabindex=\"0\">\n\t\t\t<p class=\"wp-block-ub-content-toggle-accordion-title ub-content-toggle-title-647fdb5b-387c-4b72-8ac3-44bd38867145\" style=\"color: #000000; \">Qu\u00edmica Cl\u00ednica<\/p>\n\t\t\t<div class=\"wp-block-ub-content-toggle-accordion-toggle-wrap right\" style=\"color: #000000;\"><span class=\"wp-block-ub-content-toggle-accordion-state-indicator wp-block-ub-chevron-down\"><\/span><\/div>\n\t\t<\/div>\n\t\t\t<div role=\"region\" aria-expanded=\"false\" class=\"wp-block-ub-content-toggle-accordion-content-wrap ub-hide\" id=\"ub-content-toggle-panel-0-647fdb5b-387c-4b72-8ac3-44bd38867145\">\n\n<p>El \u00e1rea de qu\u00edmica cl\u00ednica, es el alma de cualquier laboratorio.<\/p>\n\n\n\n<p>Convirti\u00e9ndose en la base del crecimiento y desarrollo de tu empresa, as\u00ed como en la confianza y recomendaci\u00f3n de nuestros clientes. Por eso nos damos a la tarea, de que nuestros equipos, se ajusten a las necesidades y el momento en el que se encuentre tu laboratorio, incluyendo qu\u00edmica veterinaria.<\/p>\n\n\n\n<p>Por \u00e9sta y otras razones, nos ponemos a tus \u00f3rdenes para que, con base en tus necesidades, presupuesto, carga de trabajo y expectativas, podamos ofrecerte la mejor opci\u00f3n.<\/p>\n\n\n\n<p><strong>Nuestra oferta:<\/strong><\/p>\n\n\n\n<p>*Equipos manuales.<\/p>\n\n\n\n<p>*Equipos automatizados: 180, 230 pbas por horas y m\u00e1s.<\/p>\n\n\n\n<p>*Equipos a venta y planes de comodato, etc.<\/p>\n\n\n\n<p>*Equipo para Qu\u00edmica Veterinaria.<\/p>\n\n\n\n<div class=\"wp-block-buttons is-layout-flex wp-block-buttons-is-layout-flex\">\n<div class=\"wp-block-button\"><a class=\"wp-block-button__link wp-element-button\" href=\"http:\/\/qyolab.com\/wp-content\/uploads\/2025\/07\/Photometer-505-DiaSys-QyoLab.pdf\">Descarga la ficha tecnica aqui.<\/a><\/div>\n<\/div>\n\n<\/div>\n\t\t<\/div>\n\n<div class=\"wp-block-ub-content-toggle-accordion\" style=\"border-color: #f1f1f1;\" id=\"ub-content-toggle-panel-block-\">\n\t\t\t<div class=\"wp-block-ub-content-toggle-accordion-title-wrap\" style=\"background-color: #f1f1f1;\" aria-controls=\"ub-content-toggle-panel-1-647fdb5b-387c-4b72-8ac3-44bd38867145\" tabindex=\"0\">\n\t\t\t<p class=\"wp-block-ub-content-toggle-accordion-title ub-content-toggle-title-647fdb5b-387c-4b72-8ac3-44bd38867145\" style=\"color: #000000; \">Hematolog\u00eda<\/p>\n\t\t\t<div class=\"wp-block-ub-content-toggle-accordion-toggle-wrap right\" style=\"color: #000000;\"><span class=\"wp-block-ub-content-toggle-accordion-state-indicator wp-block-ub-chevron-down\"><\/span><\/div>\n\t\t<\/div>\n\t\t\t<div role=\"region\" aria-expanded=\"false\" class=\"wp-block-ub-content-toggle-accordion-content-wrap ub-hide\" id=\"ub-content-toggle-panel-1-647fdb5b-387c-4b72-8ac3-44bd38867145\">\n\n<p>Nuestros Analizadores para el \u00e1rea de hematolog\u00eda marca Genrui combinan la estabilidad el hardware confiable y un software intuitivo, dise\u00f1ado para convertirse en un sistema de diagn\u00f3stico con una operaci\u00f3n sencilla y una conveniente interfaz de comunicaci\u00f3n. <\/p>\n\n\n\n<p>Siendo desde el principio un equipo indispensable en su laboratorio ayudado al usuario en forma eficiente facilitando y reduciendo su carga de trabajo.Sin dejar de lado el tema de la rentabilidad.<\/p>\n\n\n\n<div class=\"wp-block-buttons is-layout-flex wp-block-buttons-is-layout-flex\">\n<div class=\"wp-block-button\"><a class=\"wp-block-button__link wp-element-button\" href=\"http:\/\/qyolab.com\/wp-content\/uploads\/2025\/07\/KT-40-20200914-002.pdf\">Descarga la ficha tecnica aqui.<\/a><\/div>\n<\/div>\n\n<\/div>\n\t\t<\/div>\n\n<div class=\"wp-block-ub-content-toggle-accordion\" style=\"border-color: #f1f1f1;\" id=\"ub-content-toggle-panel-block-\">\n\t\t\t<div class=\"wp-block-ub-content-toggle-accordion-title-wrap\" style=\"background-color: #f1f1f1;\" aria-controls=\"ub-content-toggle-panel-2-647fdb5b-387c-4b72-8ac3-44bd38867145\" tabindex=\"0\">\n\t\t\t<p class=\"wp-block-ub-content-toggle-accordion-title ub-content-toggle-title-647fdb5b-387c-4b72-8ac3-44bd38867145\" style=\"color: #000000; \">Electrolitos<\/p>\n\t\t\t<div class=\"wp-block-ub-content-toggle-accordion-toggle-wrap right\" style=\"color: #000000;\"><span class=\"wp-block-ub-content-toggle-accordion-state-indicator wp-block-ub-chevron-down\"><\/span><\/div>\n\t\t<\/div>\n\t\t\t<div role=\"region\" aria-expanded=\"false\" class=\"wp-block-ub-content-toggle-accordion-content-wrap ub-hide\" id=\"ub-content-toggle-panel-2-647fdb5b-387c-4b72-8ac3-44bd38867145\">\n\n<p>El analizador de Electrolitos marca Genrui, utiliza la tecnolog\u00eda m\u00e1s confiable de lectura por i\u00f3n selectivo. Modelos escalables, sin necesidad de invertir en un equipo diferente. Adem\u00e1s de contar con la tecnolog\u00eda de pantalla touch, acceso directo a los electrodos para f\u00e1cil mantenimiento, impresora interna que se activa y desactiva a gusto y necesidad del usuario. <\/p>\n\n\n\n<div class=\"wp-block-buttons is-layout-flex wp-block-buttons-is-layout-flex\">\n<div class=\"wp-block-button\"><a class=\"wp-block-button__link wp-element-button\" href=\"http:\/\/qyolab.com\/wp-content\/uploads\/2025\/07\/GE-300.pdf\">Descarga la ficha tecnica aqui.<\/a><\/div>\n<\/div>\n\n<\/div>\n\t\t<\/div>\n\n<div class=\"wp-block-ub-content-toggle-accordion\" style=\"border-color: #f1f1f1;\" id=\"ub-content-toggle-panel-block-\">\n\t\t\t<div class=\"wp-block-ub-content-toggle-accordion-title-wrap\" style=\"background-color: #f1f1f1;\" aria-controls=\"ub-content-toggle-panel-3-647fdb5b-387c-4b72-8ac3-44bd38867145\" tabindex=\"0\">\n\t\t\t<p class=\"wp-block-ub-content-toggle-accordion-title ub-content-toggle-title-647fdb5b-387c-4b72-8ac3-44bd38867145\" style=\"color: #000000; \">Nefelometr\u00eda<\/p>\n\t\t\t<div class=\"wp-block-ub-content-toggle-accordion-toggle-wrap right\" style=\"color: #000000;\"><span class=\"wp-block-ub-content-toggle-accordion-state-indicator wp-block-ub-chevron-down\"><\/span><\/div>\n\t\t<\/div>\n\t\t\t<div role=\"region\" aria-expanded=\"false\" class=\"wp-block-ub-content-toggle-accordion-content-wrap ub-hide\" id=\"ub-content-toggle-panel-3-647fdb5b-387c-4b72-8ac3-44bd38867145\">\n\n<p>Nuestro analizador de Prote\u00ednas Plasm\u00e1ticas (Nefelometr\u00eda), es uno de los m\u00e1s completos en el mercado, su tama\u00f1o compacto le permite adecuarse a tu lugar de trabajo. Cuenta con pantalla Touch, calibraci\u00f3n con tarjeta magn\u00e9tica, cuatro canales, cubetas desechables, lo que evita el arrastre y contaminaci\u00f3n de la prueba. Puede ampliarse a m\u00e1s de 30 par\u00e1metros. Soporta LIS y c\u00f3digo de barras.<\/p>\n\n\n\n<div class=\"wp-block-buttons is-layout-flex wp-block-buttons-is-layout-flex\">\n<div class=\"wp-block-button\"><a class=\"wp-block-button__link wp-element-button\" href=\"http:\/\/qyolab.com\/wp-content\/uploads\/2025\/07\/PA-54.pdf\">Descarga la ficha tecnica aqui.<\/a><\/div>\n<\/div>\n\n<\/div>\n\t\t<\/div>\n\n<div class=\"wp-block-ub-content-toggle-accordion\" style=\"border-color: #f1f1f1;\" id=\"ub-content-toggle-panel-block-\">\n\t\t\t<div class=\"wp-block-ub-content-toggle-accordion-title-wrap\" style=\"background-color: #f1f1f1;\" aria-controls=\"ub-content-toggle-panel-4-647fdb5b-387c-4b72-8ac3-44bd38867145\" tabindex=\"0\">\n\t\t\t<p class=\"wp-block-ub-content-toggle-accordion-title ub-content-toggle-title-647fdb5b-387c-4b72-8ac3-44bd38867145\" style=\"color: #000000; \">Inmunofluorescencia<\/p>\n\t\t\t<div class=\"wp-block-ub-content-toggle-accordion-toggle-wrap right\" style=\"color: #000000;\"><span class=\"wp-block-ub-content-toggle-accordion-state-indicator wp-block-ub-chevron-down\"><\/span><\/div>\n\t\t<\/div>\n\t\t\t<div role=\"region\" aria-expanded=\"false\" class=\"wp-block-ub-content-toggle-accordion-content-wrap ub-hide\" id=\"ub-content-toggle-panel-4-647fdb5b-387c-4b72-8ac3-44bd38867145\">\n\n<p>FA50 de Genrui es un analizador de pruebas innovador preciso y con requerimientos de atenci\u00f3n simples, que est\u00e1 certificado por la FDA. Est\u00e1 integrado con tecnolog\u00eda de calibraci\u00f3n de tarjetas inteligentes y es capaz de realizar pruebas en diferentes tipos de muestras, incluyendo sangre total, suero y plasma. Se basa en la inmunofluorescencia y proporciona resultados confiables y cuantitativos en minutos. El sistema de an\u00e1lisis FA50 es aplicable en cl\u00ednicas y consultorios m\u00e9dicos, as\u00ed como en diferentes departamentos de hospitales, incluidos Urgencias, Unidad de Cuidados Intensivos, Unidad de Cuidados Coronarios, Pediatr\u00eda. etc.<\/p>\n\n\n\n<div class=\"wp-block-buttons is-layout-flex wp-block-buttons-is-layout-flex\">\n<div class=\"wp-block-button\"><a class=\"wp-block-button__link wp-element-button\" href=\"http:\/\/qyolab.com\/wp-content\/uploads\/2025\/07\/FA-50-Analizador-de-Inmunoensayo-Cuantitativo-V3-5.pdf\">Descarga la ficha tecnica aqui.<\/a><\/div>\n<\/div>\n\n<\/div>\n\t\t<\/div>\n\n<div class=\"wp-block-ub-content-toggle-accordion\" style=\"border-color: #f1f1f1;\" id=\"ub-content-toggle-panel-block-\">\n\t\t\t<div class=\"wp-block-ub-content-toggle-accordion-title-wrap\" style=\"background-color: #f1f1f1;\" aria-controls=\"ub-content-toggle-panel-5-647fdb5b-387c-4b72-8ac3-44bd38867145\" tabindex=\"0\">\n\t\t\t<p class=\"wp-block-ub-content-toggle-accordion-title ub-content-toggle-title-647fdb5b-387c-4b72-8ac3-44bd38867145\" style=\"color: #000000; \">Coagulacion<\/p>\n\t\t\t<div class=\"wp-block-ub-content-toggle-accordion-toggle-wrap right\" style=\"color: #000000;\"><span class=\"wp-block-ub-content-toggle-accordion-state-indicator wp-block-ub-chevron-down\"><\/span><\/div>\n\t\t<\/div>\n\t\t\t<div role=\"region\" aria-expanded=\"false\" class=\"wp-block-ub-content-toggle-accordion-content-wrap ub-hide\" id=\"ub-content-toggle-panel-5-647fdb5b-387c-4b72-8ac3-44bd38867145\">\n\n<p>Nuestro equipo de coagulaci\u00f3n est\u00e1 dise\u00f1ado para cubrir las necesidades de laboratorios cl\u00ednicos que requieren resultados precisos, r\u00e1pidos y confiables en el an\u00e1lisis de pruebas hemost\u00e1ticas. <\/p>\n\n\n\n<p>Gracias a su tecnolog\u00eda de \u00faltima generaci\u00f3n, el equipo garantiza alta eficiencia operativa, procesamiento simult\u00e1neo de m\u00faltiples muestras y una interfaz intuitiva que facilita su manejo por parte del personal t\u00e9cnico. Es ideal para laboratorios que buscan optimizar su productividad sin comprometer la calidad de los resultados.<\/p>\n\n\n\n<div class=\"wp-block-buttons is-layout-flex wp-block-buttons-is-layout-flex\">\n<div class=\"wp-block-button\"><a class=\"wp-block-button__link wp-element-button\" href=\"http:\/\/qyolab.com\/wp-content\/uploads\/2025\/07\/CLOTTY.pdf\">Descarga la ficha tecnica aqui.<\/a><\/div>\n<\/div>\n\n<\/div>\n\t\t<\/div>\n\n<div class=\"wp-block-ub-content-toggle-accordion\" style=\"border-color: #f1f1f1;\" id=\"ub-content-toggle-panel-block-\">\n\t\t\t<div class=\"wp-block-ub-content-toggle-accordion-title-wrap\" style=\"background-color: #f1f1f1;\" aria-controls=\"ub-content-toggle-panel-6-647fdb5b-387c-4b72-8ac3-44bd38867145\" tabindex=\"0\">\n\t\t\t<p class=\"wp-block-ub-content-toggle-accordion-title ub-content-toggle-title-647fdb5b-387c-4b72-8ac3-44bd38867145\" style=\"color: #000000; \">POC<\/p>\n\t\t\t<div class=\"wp-block-ub-content-toggle-accordion-toggle-wrap right\" style=\"color: #000000;\"><span class=\"wp-block-ub-content-toggle-accordion-state-indicator wp-block-ub-chevron-down\"><\/span><\/div>\n\t\t<\/div>\n\t\t\t<div role=\"region\" aria-expanded=\"false\" class=\"wp-block-ub-content-toggle-accordion-content-wrap ub-hide\" id=\"ub-content-toggle-panel-6-647fdb5b-387c-4b72-8ac3-44bd38867145\">\n\n<p>El equipo POC (Point of Care) para qu\u00edmica cl\u00ednica est\u00e1 dise\u00f1ado para ofrecer resultados cl\u00ednicos precisos en el punto de atenci\u00f3n, permitiendo una toma de decisiones m\u00e9dicas r\u00e1pida y eficiente. Gracias a su tama\u00f1o compacto, su interfaz amigable y su operaci\u00f3n intuitiva, este dispositivo es ideal para cl\u00ednicas, consultorios, laboratorios sat\u00e9lite, servicios de urgencias y unidades m\u00f3viles.<\/p>\n\n\n\n<p>Capaz de realizar pruebas esenciales como glucosa, creatinina, perfil lip\u00eddico, pruebas hep\u00e1ticas y otras determinaciones bioqu\u00edmicas, el equipo POC combina tecnolog\u00eda de an\u00e1lisis de alto rendimiento con portabilidad y rapidez. Su dise\u00f1o permite una m\u00ednima manipulaci\u00f3n de la muestra y resultados en cuesti\u00f3n de minutos, contribuyendo a una atenci\u00f3n m\u00e9dica m\u00e1s oportuna.<\/p>\n\n\n\n<div class=\"wp-block-buttons is-layout-flex wp-block-buttons-is-layout-flex\">\n<div class=\"wp-block-button\"><a class=\"wp-block-button__link wp-element-button\" href=\"http:\/\/qyolab.com\/wp-content\/uploads\/2025\/07\/Flyer-InnovaStar-Espanol.pdf\">Descarga la ficha tecnica aqui.<\/a><\/div>\n<\/div>\n\n<\/div>\n\t\t<\/div>\n\n<div class=\"wp-block-ub-content-toggle-accordion\" style=\"border-color: #f1f1f1;\" id=\"ub-content-toggle-panel-block-\">\n\t\t\t<div class=\"wp-block-ub-content-toggle-accordion-title-wrap\" style=\"background-color: #f1f1f1;\" aria-controls=\"ub-content-toggle-panel-7-647fdb5b-387c-4b72-8ac3-44bd38867145\" tabindex=\"0\">\n\t\t\t<p class=\"wp-block-ub-content-toggle-accordion-title ub-content-toggle-title-647fdb5b-387c-4b72-8ac3-44bd38867145\" style=\"color: #000000; \">Uroanalisis<\/p>\n\t\t\t<div class=\"wp-block-ub-content-toggle-accordion-toggle-wrap right\" style=\"color: #000000;\"><span class=\"wp-block-ub-content-toggle-accordion-state-indicator wp-block-ub-chevron-down\"><\/span><\/div>\n\t\t<\/div>\n\t\t\t<div role=\"region\" aria-expanded=\"false\" class=\"wp-block-ub-content-toggle-accordion-content-wrap ub-hide\" id=\"ub-content-toggle-panel-7-647fdb5b-387c-4b72-8ac3-44bd38867145\">\n\n<p>Nuestro equipo de urolog\u00eda para qu\u00edmica cl\u00ednica est\u00e1 dise\u00f1ado para el an\u00e1lisis preciso y automatizado de par\u00e1metros urinarios, fundamentales en el diagn\u00f3stico y monitoreo de enfermedades del tracto urinario, afecciones renales, metab\u00f3licas y sist\u00e9micas.<\/p>\n\n\n\n<p>Gracias a su tecnolog\u00eda avanzada y operaci\u00f3n automatizada, ofrece resultados r\u00e1pidos, consistentes y altamente confiables, optimizando el flujo de trabajo en laboratorios cl\u00ednicos y unidades de diagn\u00f3stico. Su dise\u00f1o compacto, su interfaz intuitiva y su capacidad de procesamiento de alto volumen lo convierten en una herramienta ideal tanto para laboratorios de mediana como de alta demanda<\/p>\n\n\n\n<div class=\"wp-block-buttons is-layout-flex wp-block-buttons-is-layout-flex\">\n<div class=\"wp-block-button\"><a class=\"wp-block-button__link wp-element-button\" href=\"http:\/\/qyolab.com\/wp-content\/uploads\/2025\/07\/FLYER-DIALAB-Modificado-07092016.pdf\">Descarga la ficha tecnica aqui.<\/a><\/div>\n<\/div>\n\n<\/div>\n\t\t<\/div>\n<\/div>\n\n\n<div class=\"wp-block-buttons is-layout-flex wp-block-buttons-is-layout-flex\">\n<div class=\"wp-block-button\"><a class=\"wp-block-button__link wp-element-button\" href=\"https:\/\/qyolab.com\/?page_id=3614\">Precios<\/a><\/div>\n<\/div>\n<\/div>\n<\/div>\n<\/div><\/div>\n<\/div>\n\n\n\n<div class=\"inherit-container-width wp-block-group alignfull ext editor:no-inserter ext-my-0 ext-py-lg is-layout-constrained wp-block-group-is-layout-constrained\"><\/div>\n","protected":false},"excerpt":{"rendered":"<p>Nuestros equipos Con la misi\u00f3n de brindarte el mejor servicio y cubrir con las necesidades de tu laboratorio, contamos con equipos de distintas \u00e1reas y especialidades para satisfacer todas las necesidades de tu negocio.<\/p>\n","protected":false},"author":1,"featured_media":0,"parent":0,"menu_order":0,"comment_status":"closed","ping_status":"closed","template":"","meta":{"om_disable_all_campaigns":false,"_uag_custom_page_level_css":"","_monsterinsights_skip_tracking":false,"_monsterinsights_sitenote_active":false,"_monsterinsights_sitenote_note":"","_monsterinsights_sitenote_category":0,"site-sidebar-layout":"default","site-content-layout":"","ast-site-content-layout":"default","site-content-style":"default","site-sidebar-style":"default","ast-global-header-display":"","ast-banner-title-visibility":"","ast-main-header-display":"","ast-hfb-above-header-display":"","ast-hfb-below-header-display":"","ast-hfb-mobile-header-display":"","site-post-title":"","ast-breadcrumbs-content":"","ast-featured-img":"","footer-sml-layout":"","theme-transparent-header-meta":"","adv-header-id-meta":"","stick-header-meta":"","header-above-stick-meta":"","header-main-stick-meta":"","header-below-stick-meta":"","astra-migrate-meta-layouts":"default","ast-page-background-enabled":"default","ast-page-background-meta":{"desktop":{"background-color":"","background-image":"","background-repeat":"repeat","background-position":"center center","background-size":"auto","background-attachment":"scroll","background-type":"","background-media":"","overlay-type":"","overlay-color":"","overlay-opacity":"","overlay-gradient":""},"tablet":{"background-color":"","background-image":"","background-repeat":"repeat","background-position":"center center","background-size":"auto","background-attachment":"scroll","background-type":"","background-media":"","overlay-type":"","overlay-color":"","overlay-opacity":"","overlay-gradient":""},"mobile":{"background-color":"","background-image":"","background-repeat":"repeat","background-position":"center center","background-size":"auto","background-attachment":"scroll","background-type":"","background-media":"","overlay-type":"","overlay-color":"","overlay-opacity":"","overlay-gradient":""}},"ast-content-background-meta":{"desktop":{"background-color":"var(--ast-global-color-5)","background-image":"","background-repeat":"repeat","background-position":"center center","background-size":"auto","background-attachment":"scroll","background-type":"","background-media":"","overlay-type":"","overlay-color":"","overlay-opacity":"","overlay-gradient":""},"tablet":{"background-color":"var(--ast-global-color-5)","background-image":"","background-repeat":"repeat","background-position":"center center","background-size":"auto","background-attachment":"scroll","background-type":"","background-media":"","overlay-type":"","overlay-color":"","overlay-opacity":"","overlay-gradient":""},"mobile":{"background-color":"var(--ast-global-color-5)","background-image":"","background-repeat":"repeat","background-position":"center center","background-size":"auto","background-attachment":"scroll","background-type":"","background-media":"","overlay-type":"","overlay-color":"","overlay-opacity":"","overlay-gradient":""}},"footnotes":""},"class_list":["post-4002","page","type-page","status-publish","hentry"],"aioseo_notices":[],"featured_image_src":null,"uagb_featured_image_src":{"full":false,"thumbnail":false,"medium":false,"medium_large":false,"large":false,"1536x1536":false,"2048x2048":false},"uagb_author_info":{"display_name":"qyolabdistribuidora@gmail.com","author_link":"https:\/\/qyolab.com\/?author=1"},"uagb_comment_info":0,"uagb_excerpt":"Nuestros equipos Con la misi\u00f3n de brindarte el mejor servicio y cubrir con las necesidades de tu laboratorio, contamos con equipos de distintas \u00e1reas y especialidades para satisfacer todas las necesidades de tu negocio.","_links":{"self":[{"href":"https:\/\/qyolab.com\/index.php?rest_route=\/wp\/v2\/pages\/4002","targetHints":{"allow":["GET"]}}],"collection":[{"href":"https:\/\/qyolab.com\/index.php?rest_route=\/wp\/v2\/pages"}],"about":[{"href":"https:\/\/qyolab.com\/index.php?rest_route=\/wp\/v2\/types\/page"}],"author":[{"embeddable":true,"href":"https:\/\/qyolab.com\/index.php?rest_route=\/wp\/v2\/users\/1"}],"replies":[{"embeddable":true,"href":"https:\/\/qyolab.com\/index.php?rest_route=%2Fwp%2Fv2%2Fcomments&post=4002"}],"version-history":[{"count":26,"href":"https:\/\/qyolab.com\/index.php?rest_route=\/wp\/v2\/pages\/4002\/revisions"}],"predecessor-version":[{"id":4641,"href":"https:\/\/qyolab.com\/index.php?rest_route=\/wp\/v2\/pages\/4002\/revisions\/4641"}],"wp:attachment":[{"href":"https:\/\/qyolab.com\/index.php?rest_route=%2Fwp%2Fv2%2Fmedia&parent=4002"}],"curies":[{"name":"wp","href":"https:\/\/api.w.org\/{rel}","templated":true}]}}