{"id":4021,"date":"2022-06-24T20:21:43","date_gmt":"2022-06-24T20:21:43","guid":{"rendered":"https:\/\/qyolab.com\/?page_id=4021"},"modified":"2022-06-24T21:37:31","modified_gmt":"2022-06-24T21:37:31","slug":"insumos","status":"publish","type":"page","link":"https:\/\/qyolab.com\/?page_id=4021","title":{"rendered":"INSUMOS"},"content":{"rendered":"\n<div class=\"inherit-container-width wp-block-group alignfull ext-my-0 ext is-layout-constrained wp-block-group-is-layout-constrained\">\n<div class=\"wp-block-media-text alignwide is-stacked-on-mobile ext-py-lg ext\"><figure class=\"wp-block-media-text__media\"><img loading=\"lazy\" decoding=\"async\" width=\"769\" height=\"1024\" src=\"http:\/\/qyolab.com\/wp-content\/uploads\/2022\/06\/Tubos-769x1024.png\" alt=\"\" class=\"wp-image-4313 size-full\" srcset=\"https:\/\/qyolab.com\/wp-content\/uploads\/2022\/06\/Tubos-769x1024.png 769w, https:\/\/qyolab.com\/wp-content\/uploads\/2022\/06\/Tubos-225x300.png 225w, https:\/\/qyolab.com\/wp-content\/uploads\/2022\/06\/Tubos-768x1023.png 768w, https:\/\/qyolab.com\/wp-content\/uploads\/2022\/06\/Tubos-1153x1536.png 1153w, https:\/\/qyolab.com\/wp-content\/uploads\/2022\/06\/Tubos-1537x2048.png 1537w\" sizes=\"auto, (max-width: 769px) 100vw, 769px\" \/><\/figure><div class=\"wp-block-media-text__content\">\n<h2 class=\"has-ext-large-font-size ext-mt-base tablet:ext-mt-0 wp-block-heading\" id=\"a-second-heading\">Nuestros insumos<\/h2>\n\n\n\n<p id=\"a-second-heading\">Con el prop\u00f3sito, de convertirnos en la mejor opci\u00f3n para tu laboratorio. Contamos con un amplio cat\u00e1logo en el \u00e1rea de insumos. Manejando diferentes marcas y presentaciones.<\/p>\n\n\n<div class=\"wp-block-ub-content-toggle wp-block-ub-content-toggle-block\" id=\"ub-content-toggle-block-3f85c26a-11e9-46eb-8346-277b97814b94\" data-mobilecollapse=\"true\" data-desktopcollapse=\"true\" data-preventcollapse=\"false\" data-showonlyone=\"false\">\n<div class=\"wp-block-ub-content-toggle-accordion\" style=\"border-color: var(--ast-global-color-4);\" id=\"ub-content-toggle-panel-block-\">\n\t\t\t<div class=\"wp-block-ub-content-toggle-accordion-title-wrap\" style=\"background-color: var(--ast-global-color-4);\" aria-controls=\"ub-content-toggle-panel-0-3f85c26a-11e9-46eb-8346-277b97814b94\" tabindex=\"0\">\n\t\t\t<p class=\"wp-block-ub-content-toggle-accordion-title ub-content-toggle-title-3f85c26a-11e9-46eb-8346-277b97814b94\" style=\"color: #000000; \">Algunos de los insumos que manejamos<\/p>\n\t\t\t<div class=\"wp-block-ub-content-toggle-accordion-toggle-wrap right\" style=\"color: #000000;\"><span class=\"wp-block-ub-content-toggle-accordion-state-indicator wp-block-ub-chevron-down\"><\/span><\/div>\n\t\t<\/div>\n\t\t\t<div role=\"region\" aria-expanded=\"false\" class=\"wp-block-ub-content-toggle-accordion-content-wrap ub-hide\" id=\"ub-content-toggle-panel-0-3f85c26a-11e9-46eb-8346-277b97814b94\">\n\n<p>*Tubo vacutainer (rojo, lila, azul, oro, verde, etc.)<\/p>\n\n\n\n<p>* Tubo vacutainer pedi\u00e1trico (rojo, lila, azul, oro, verde, etc.)<\/p>\n\n\n\n<p>*Aguja verde, negra, flash-back<\/p>\n\n\n\n<p>*Equipo alado<\/p>\n\n\n\n<p>*Medios de transporte.<\/p>\n\n\n\n<p>*Tubo polipropileno<\/p>\n\n\n\n<p>*Refacciones para equipos.<\/p>\n\n\n\n<p>*Vaso EGO<\/p>\n\n\n\n<p>*Caja Petri<\/p>\n\n\n\n<p>*Sonda<\/p>\n\n\n\n<p>*Espejo vaginal<\/p>\n\n\n\n<p>*Porta y cubre objetos<\/p>\n\n\n\n<p>*Microscopio<\/p>\n\n\n\n<p>*Auto-clave<\/p>\n\n\n\n<p>*Incubadora<\/p>\n\n\n\n<p>*Centrifugas<\/p>\n\n\n\n<p>*Pipetas fijas y volum\u00e9tricas<\/p>\n\n\n\n<p>*Agua bidestilada, desionizada.<\/p>\n\n<\/div>\n\t\t<\/div>\n<\/div>\n\n\n<div class=\"wp-block-buttons is-layout-flex wp-block-buttons-is-layout-flex\">\n<div class=\"wp-block-button\"><a class=\"wp-block-button__link\" href=\"https:\/\/qyolab.com\/?page_id=3614\">Precios<\/a><\/div>\n<\/div>\n<\/div><\/div>\n<\/div>\n","protected":false},"excerpt":{"rendered":"<p>Nuestros insumos Con el prop\u00f3sito, de convertirnos en la mejor opci\u00f3n para tu laboratorio. Contamos con un amplio cat\u00e1logo en el \u00e1rea de insumos. Manejando diferentes marcas y presentaciones.<\/p>\n","protected":false},"author":1,"featured_media":0,"parent":0,"menu_order":0,"comment_status":"closed","ping_status":"closed","template":"","meta":{"om_disable_all_campaigns":false,"_uag_custom_page_level_css":"","_monsterinsights_skip_tracking":false,"_monsterinsights_sitenote_active":false,"_monsterinsights_sitenote_note":"","_monsterinsights_sitenote_category":0,"site-sidebar-layout":"default","site-content-layout":"","ast-site-content-layout":"default","site-content-style":"default","site-sidebar-style":"default","ast-global-header-display":"","ast-banner-title-visibility":"","ast-main-header-display":"","ast-hfb-above-header-display":"","ast-hfb-below-header-display":"","ast-hfb-mobile-header-display":"","site-post-title":"","ast-breadcrumbs-content":"","ast-featured-img":"","footer-sml-layout":"","theme-transparent-header-meta":"","adv-header-id-meta":"","stick-header-meta":"","header-above-stick-meta":"","header-main-stick-meta":"","header-below-stick-meta":"","astra-migrate-meta-layouts":"default","ast-page-background-enabled":"default","ast-page-background-meta":{"desktop":{"background-color":"","background-image":"","background-repeat":"repeat","background-position":"center center","background-size":"auto","background-attachment":"scroll","background-type":"","background-media":"","overlay-type":"","overlay-color":"","overlay-opacity":"","overlay-gradient":""},"tablet":{"background-color":"","background-image":"","background-repeat":"repeat","background-position":"center center","background-size":"auto","background-attachment":"scroll","background-type":"","background-media":"","overlay-type":"","overlay-color":"","overlay-opacity":"","overlay-gradient":""},"mobile":{"background-color":"","background-image":"","background-repeat":"repeat","background-position":"center center","background-size":"auto","background-attachment":"scroll","background-type":"","background-media":"","overlay-type":"","overlay-color":"","overlay-opacity":"","overlay-gradient":""}},"ast-content-background-meta":{"desktop":{"background-color":"var(--ast-global-color-5)","background-image":"","background-repeat":"repeat","background-position":"center center","background-size":"auto","background-attachment":"scroll","background-type":"","background-media":"","overlay-type":"","overlay-color":"","overlay-opacity":"","overlay-gradient":""},"tablet":{"background-color":"var(--ast-global-color-5)","background-image":"","background-repeat":"repeat","background-position":"center center","background-size":"auto","background-attachment":"scroll","background-type":"","background-media":"","overlay-type":"","overlay-color":"","overlay-opacity":"","overlay-gradient":""},"mobile":{"background-color":"var(--ast-global-color-5)","background-image":"","background-repeat":"repeat","background-position":"center center","background-size":"auto","background-attachment":"scroll","background-type":"","background-media":"","overlay-type":"","overlay-color":"","overlay-opacity":"","overlay-gradient":""}},"footnotes":""},"class_list":["post-4021","page","type-page","status-publish","hentry"],"aioseo_notices":[],"featured_image_src":null,"uagb_featured_image_src":{"full":false,"thumbnail":false,"medium":false,"medium_large":false,"large":false,"1536x1536":false,"2048x2048":false},"uagb_author_info":{"display_name":"qyolabdistribuidora@gmail.com","author_link":"https:\/\/qyolab.com\/?author=1"},"uagb_comment_info":0,"uagb_excerpt":"Nuestros insumos Con el prop\u00f3sito, de convertirnos en la mejor opci\u00f3n para tu laboratorio. Contamos con un amplio cat\u00e1logo en el \u00e1rea de insumos. Manejando diferentes marcas y presentaciones.","_links":{"self":[{"href":"https:\/\/qyolab.com\/index.php?rest_route=\/wp\/v2\/pages\/4021","targetHints":{"allow":["GET"]}}],"collection":[{"href":"https:\/\/qyolab.com\/index.php?rest_route=\/wp\/v2\/pages"}],"about":[{"href":"https:\/\/qyolab.com\/index.php?rest_route=\/wp\/v2\/types\/page"}],"author":[{"embeddable":true,"href":"https:\/\/qyolab.com\/index.php?rest_route=\/wp\/v2\/users\/1"}],"replies":[{"embeddable":true,"href":"https:\/\/qyolab.com\/index.php?rest_route=%2Fwp%2Fv2%2Fcomments&post=4021"}],"version-history":[{"count":11,"href":"https:\/\/qyolab.com\/index.php?rest_route=\/wp\/v2\/pages\/4021\/revisions"}],"predecessor-version":[{"id":4371,"href":"https:\/\/qyolab.com\/index.php?rest_route=\/wp\/v2\/pages\/4021\/revisions\/4371"}],"wp:attachment":[{"href":"https:\/\/qyolab.com\/index.php?rest_route=%2Fwp%2Fv2%2Fmedia&parent=4021"}],"curies":[{"name":"wp","href":"https:\/\/api.w.org\/{rel}","templated":true}]}}