{"id":4363,"date":"2022-06-24T21:25:39","date_gmt":"2022-06-24T21:25:39","guid":{"rendered":"https:\/\/qyolab.com\/?page_id=4363"},"modified":"2022-08-16T16:29:26","modified_gmt":"2022-08-16T16:29:26","slug":"reactivos","status":"publish","type":"page","link":"https:\/\/qyolab.com\/?page_id=4363","title":{"rendered":"Reactivos"},"content":{"rendered":"\n<div class=\"inherit-container-width wp-block-group alignfull ext-my-0 ext is-layout-constrained wp-block-group-is-layout-constrained\">\n<div class=\"wp-block-media-text alignwide is-stacked-on-mobile ext-py-lg ext\"><figure class=\"wp-block-media-text__media\"><img loading=\"lazy\" decoding=\"async\" width=\"769\" height=\"1024\" src=\"http:\/\/qyolab.com\/wp-content\/uploads\/2022\/06\/Reactivos-769x1024.png\" alt=\"\" class=\"wp-image-4312 size-full\" srcset=\"https:\/\/qyolab.com\/wp-content\/uploads\/2022\/06\/Reactivos-769x1024.png 769w, https:\/\/qyolab.com\/wp-content\/uploads\/2022\/06\/Reactivos-225x300.png 225w, https:\/\/qyolab.com\/wp-content\/uploads\/2022\/06\/Reactivos-768x1023.png 768w, https:\/\/qyolab.com\/wp-content\/uploads\/2022\/06\/Reactivos-1153x1536.png 1153w, https:\/\/qyolab.com\/wp-content\/uploads\/2022\/06\/Reactivos-1537x2048.png 1537w\" sizes=\"auto, (max-width: 769px) 100vw, 769px\" \/><\/figure><div class=\"wp-block-media-text__content\">\n<h2 class=\"has-ext-large-font-size ext-mt-base tablet:ext-mt-0 wp-block-heading\" id=\"a-second-heading\">Nuestros reactivos<\/h2>\n\n\n\n<p id=\"a-second-heading\">Para el correcto funcionamiento de tus equipos ponemos a tu alcance una gran variedad de reactivos de calidad con la finalidad de cubrir cada una de las necesidades de tus clientes.<\/p>\n\n\n<div class=\"wp-block-ub-content-toggle wp-block-ub-content-toggle-block\" id=\"ub-content-toggle-block-87fb1d4f-6dbd-4f46-bf82-fc885b64ff5c\" data-mobilecollapse=\"true\" data-desktopcollapse=\"true\" data-preventcollapse=\"false\" data-showonlyone=\"false\">\n<div class=\"wp-block-ub-content-toggle-accordion\" style=\"border-color: #f1f1f1;\" id=\"ub-content-toggle-panel-block-\">\n\t\t\t<div class=\"wp-block-ub-content-toggle-accordion-title-wrap\" style=\"background-color: #f1f1f1;\" aria-controls=\"ub-content-toggle-panel-0-87fb1d4f-6dbd-4f46-bf82-fc885b64ff5c\" tabindex=\"0\">\n\t\t\t<p class=\"wp-block-ub-content-toggle-accordion-title ub-content-toggle-title-87fb1d4f-6dbd-4f46-bf82-fc885b64ff5c\" style=\"color: #000000; \">Qu\u00edmica Cl\u00ednica<\/p>\n\t\t\t<div class=\"wp-block-ub-content-toggle-accordion-toggle-wrap right\" style=\"color: #000000;\"><span class=\"wp-block-ub-content-toggle-accordion-state-indicator wp-block-ub-chevron-down\"><\/span><\/div>\n\t\t<\/div>\n\t\t\t<div role=\"region\" aria-expanded=\"false\" class=\"wp-block-ub-content-toggle-accordion-content-wrap ub-hide\" id=\"ub-content-toggle-panel-0-87fb1d4f-6dbd-4f46-bf82-fc885b64ff5c\">\n\n<ul class=\"wp-block-list\"><li>Qu\u00edmica de 6 hasta 32 elementos.<\/li><li>Pruebas especiales<\/li><li>Qu\u00edmica cl\u00ednica veterinaria<\/li><\/ul>\n\n<\/div>\n\t\t<\/div>\n\n<div class=\"wp-block-ub-content-toggle-accordion\" style=\"border-color: #f1f1f1;\" id=\"ub-content-toggle-panel-block-\">\n\t\t\t<div class=\"wp-block-ub-content-toggle-accordion-title-wrap\" style=\"background-color: #f1f1f1;\" aria-controls=\"ub-content-toggle-panel-1-87fb1d4f-6dbd-4f46-bf82-fc885b64ff5c\" tabindex=\"0\">\n\t\t\t<p class=\"wp-block-ub-content-toggle-accordion-title ub-content-toggle-title-87fb1d4f-6dbd-4f46-bf82-fc885b64ff5c\" style=\"color: #000000; \">Hematolog\u00eda<\/p>\n\t\t\t<div class=\"wp-block-ub-content-toggle-accordion-toggle-wrap right\" style=\"color: #000000;\"><span class=\"wp-block-ub-content-toggle-accordion-state-indicator wp-block-ub-chevron-down\"><\/span><\/div>\n\t\t<\/div>\n\t\t\t<div role=\"region\" aria-expanded=\"false\" class=\"wp-block-ub-content-toggle-accordion-content-wrap ub-hide\" id=\"ub-content-toggle-panel-1-87fb1d4f-6dbd-4f46-bf82-fc885b64ff5c\">\n\n<ul class=\"wp-block-list\"><li>Lisantes<\/li><li>Diluyente<\/li><li>Detergentes<\/li><li>Controles<\/li><li>Calibradores<\/li><\/ul>\n\n<\/div>\n\t\t<\/div>\n\n<div class=\"wp-block-ub-content-toggle-accordion\" style=\"border-color: #f1f1f1;\" id=\"ub-content-toggle-panel-block-\">\n\t\t\t<div class=\"wp-block-ub-content-toggle-accordion-title-wrap\" style=\"background-color: #f1f1f1;\" aria-controls=\"ub-content-toggle-panel-2-87fb1d4f-6dbd-4f46-bf82-fc885b64ff5c\" tabindex=\"0\">\n\t\t\t<p class=\"wp-block-ub-content-toggle-accordion-title ub-content-toggle-title-87fb1d4f-6dbd-4f46-bf82-fc885b64ff5c\" style=\"color: #000000; \">Electrolitos<\/p>\n\t\t\t<div class=\"wp-block-ub-content-toggle-accordion-toggle-wrap right\" style=\"color: #000000;\"><span class=\"wp-block-ub-content-toggle-accordion-state-indicator wp-block-ub-chevron-down\"><\/span><\/div>\n\t\t<\/div>\n\t\t\t<div role=\"region\" aria-expanded=\"false\" class=\"wp-block-ub-content-toggle-accordion-content-wrap ub-hide\" id=\"ub-content-toggle-panel-2-87fb1d4f-6dbd-4f46-bf82-fc885b64ff5c\">\n\n<ul class=\"wp-block-list\"><li>ISE A&amp;B (est\u00e1ndar de reacci\u00f3n para lectura de i\u00f3n selectivo)<\/li><li>Calibradores<\/li><li>Detergentes<\/li><\/ul>\n\n<\/div>\n\t\t<\/div>\n\n<div class=\"wp-block-ub-content-toggle-accordion\" style=\"border-color: #f1f1f1;\" id=\"ub-content-toggle-panel-block-\">\n\t\t\t<div class=\"wp-block-ub-content-toggle-accordion-title-wrap\" style=\"background-color: #f1f1f1;\" aria-controls=\"ub-content-toggle-panel-3-87fb1d4f-6dbd-4f46-bf82-fc885b64ff5c\" tabindex=\"0\">\n\t\t\t<p class=\"wp-block-ub-content-toggle-accordion-title ub-content-toggle-title-87fb1d4f-6dbd-4f46-bf82-fc885b64ff5c\" style=\"color: #000000; \">Coagulometr\u00eda<\/p>\n\t\t\t<div class=\"wp-block-ub-content-toggle-accordion-toggle-wrap right\" style=\"color: #000000;\"><span class=\"wp-block-ub-content-toggle-accordion-state-indicator wp-block-ub-chevron-down\"><\/span><\/div>\n\t\t<\/div>\n\t\t\t<div role=\"region\" aria-expanded=\"false\" class=\"wp-block-ub-content-toggle-accordion-content-wrap ub-hide\" id=\"ub-content-toggle-panel-3-87fb1d4f-6dbd-4f46-bf82-fc885b64ff5c\">\n\n<ul class=\"wp-block-list\"><li>Reactivos TP, TPT y fibrin\u00f3geno<\/li><li>Cubetas de reacci\u00f3n<\/li><li>Controles y calibradores<\/li><\/ul>\n\n<\/div>\n\t\t<\/div>\n\n<div class=\"wp-block-ub-content-toggle-accordion\" style=\"border-color: #f1f1f1;\" id=\"ub-content-toggle-panel-block-\">\n\t\t\t<div class=\"wp-block-ub-content-toggle-accordion-title-wrap\" style=\"background-color: #f1f1f1;\" aria-controls=\"ub-content-toggle-panel-4-87fb1d4f-6dbd-4f46-bf82-fc885b64ff5c\" tabindex=\"0\">\n\t\t\t<p class=\"wp-block-ub-content-toggle-accordion-title ub-content-toggle-title-87fb1d4f-6dbd-4f46-bf82-fc885b64ff5c\" style=\"color: #000000; \">Nefelometr\u00eda<\/p>\n\t\t\t<div class=\"wp-block-ub-content-toggle-accordion-toggle-wrap right\" style=\"color: #000000;\"><span class=\"wp-block-ub-content-toggle-accordion-state-indicator wp-block-ub-chevron-down\"><\/span><\/div>\n\t\t<\/div>\n\t\t\t<div role=\"region\" aria-expanded=\"false\" class=\"wp-block-ub-content-toggle-accordion-content-wrap ub-hide\" id=\"ub-content-toggle-panel-4-87fb1d4f-6dbd-4f46-bf82-fc885b64ff5c\">\n\n<ul class=\"wp-block-list\"><li>Kits de 25 pbas para lectura de los diferentes par\u00e1metros<\/li><\/ul>\n\n<\/div>\n\t\t<\/div>\n\n<div class=\"wp-block-ub-content-toggle-accordion\" style=\"border-color: #f1f1f1;\" id=\"ub-content-toggle-panel-block-\">\n\t\t\t<div class=\"wp-block-ub-content-toggle-accordion-title-wrap\" style=\"background-color: #f1f1f1;\" aria-controls=\"ub-content-toggle-panel-5-87fb1d4f-6dbd-4f46-bf82-fc885b64ff5c\" tabindex=\"0\">\n\t\t\t<p class=\"wp-block-ub-content-toggle-accordion-title ub-content-toggle-title-87fb1d4f-6dbd-4f46-bf82-fc885b64ff5c\" style=\"color: #000000; \">Inmunofluorescencia<\/p>\n\t\t\t<div class=\"wp-block-ub-content-toggle-accordion-toggle-wrap right\" style=\"color: #000000;\"><span class=\"wp-block-ub-content-toggle-accordion-state-indicator wp-block-ub-chevron-down\"><\/span><\/div>\n\t\t<\/div>\n\t\t\t<div role=\"region\" aria-expanded=\"false\" class=\"wp-block-ub-content-toggle-accordion-content-wrap ub-hide\" id=\"ub-content-toggle-panel-5-87fb1d4f-6dbd-4f46-bf82-fc885b64ff5c\">\n\n<ul class=\"wp-block-list\"><li>Kits de 25 pbas para lectura de los diferentes par\u00e1metros<\/li><\/ul>\n\n<\/div>\n\t\t<\/div>\n<\/div>\n\n\n<div class=\"wp-block-buttons is-layout-flex wp-block-buttons-is-layout-flex\">\n<div class=\"wp-block-button\"><a class=\"wp-block-button__link\" href=\"https:\/\/qyolab.com\/?page_id=3614\">Precios<\/a><\/div>\n<\/div>\n<\/div><\/div>\n<\/div>\n","protected":false},"excerpt":{"rendered":"<p>Nuestros reactivos Para el correcto funcionamiento de tus equipos ponemos a tu alcance una gran variedad de reactivos de calidad con la finalidad de cubrir cada una de las necesidades de tus clientes.<\/p>\n","protected":false},"author":1,"featured_media":0,"parent":0,"menu_order":0,"comment_status":"closed","ping_status":"closed","template":"","meta":{"om_disable_all_campaigns":false,"_uag_custom_page_level_css":"","_monsterinsights_skip_tracking":false,"_monsterinsights_sitenote_active":false,"_monsterinsights_sitenote_note":"","_monsterinsights_sitenote_category":0,"site-sidebar-layout":"default","site-content-layout":"","ast-site-content-layout":"default","site-content-style":"default","site-sidebar-style":"default","ast-global-header-display":"","ast-banner-title-visibility":"","ast-main-header-display":"","ast-hfb-above-header-display":"","ast-hfb-below-header-display":"","ast-hfb-mobile-header-display":"","site-post-title":"","ast-breadcrumbs-content":"","ast-featured-img":"","footer-sml-layout":"","theme-transparent-header-meta":"","adv-header-id-meta":"","stick-header-meta":"","header-above-stick-meta":"","header-main-stick-meta":"","header-below-stick-meta":"","astra-migrate-meta-layouts":"default","ast-page-background-enabled":"default","ast-page-background-meta":{"desktop":{"background-color":"","background-image":"","background-repeat":"repeat","background-position":"center center","background-size":"auto","background-attachment":"scroll","background-type":"","background-media":"","overlay-type":"","overlay-color":"","overlay-opacity":"","overlay-gradient":""},"tablet":{"background-color":"","background-image":"","background-repeat":"repeat","background-position":"center center","background-size":"auto","background-attachment":"scroll","background-type":"","background-media":"","overlay-type":"","overlay-color":"","overlay-opacity":"","overlay-gradient":""},"mobile":{"background-color":"","background-image":"","background-repeat":"repeat","background-position":"center center","background-size":"auto","background-attachment":"scroll","background-type":"","background-media":"","overlay-type":"","overlay-color":"","overlay-opacity":"","overlay-gradient":""}},"ast-content-background-meta":{"desktop":{"background-color":"var(--ast-global-color-5)","background-image":"","background-repeat":"repeat","background-position":"center center","background-size":"auto","background-attachment":"scroll","background-type":"","background-media":"","overlay-type":"","overlay-color":"","overlay-opacity":"","overlay-gradient":""},"tablet":{"background-color":"var(--ast-global-color-5)","background-image":"","background-repeat":"repeat","background-position":"center center","background-size":"auto","background-attachment":"scroll","background-type":"","background-media":"","overlay-type":"","overlay-color":"","overlay-opacity":"","overlay-gradient":""},"mobile":{"background-color":"var(--ast-global-color-5)","background-image":"","background-repeat":"repeat","background-position":"center center","background-size":"auto","background-attachment":"scroll","background-type":"","background-media":"","overlay-type":"","overlay-color":"","overlay-opacity":"","overlay-gradient":""}},"footnotes":""},"class_list":["post-4363","page","type-page","status-publish","hentry"],"aioseo_notices":[],"featured_image_src":null,"uagb_featured_image_src":{"full":false,"thumbnail":false,"medium":false,"medium_large":false,"large":false,"1536x1536":false,"2048x2048":false},"uagb_author_info":{"display_name":"qyolabdistribuidora@gmail.com","author_link":"https:\/\/qyolab.com\/?author=1"},"uagb_comment_info":0,"uagb_excerpt":"Nuestros reactivos Para el correcto funcionamiento de tus equipos ponemos a tu alcance una gran variedad de reactivos de calidad con la finalidad de cubrir cada una de las necesidades de tus clientes.","_links":{"self":[{"href":"https:\/\/qyolab.com\/index.php?rest_route=\/wp\/v2\/pages\/4363","targetHints":{"allow":["GET"]}}],"collection":[{"href":"https:\/\/qyolab.com\/index.php?rest_route=\/wp\/v2\/pages"}],"about":[{"href":"https:\/\/qyolab.com\/index.php?rest_route=\/wp\/v2\/types\/page"}],"author":[{"embeddable":true,"href":"https:\/\/qyolab.com\/index.php?rest_route=\/wp\/v2\/users\/1"}],"replies":[{"embeddable":true,"href":"https:\/\/qyolab.com\/index.php?rest_route=%2Fwp%2Fv2%2Fcomments&post=4363"}],"version-history":[{"count":3,"href":"https:\/\/qyolab.com\/index.php?rest_route=\/wp\/v2\/pages\/4363\/revisions"}],"predecessor-version":[{"id":4421,"href":"https:\/\/qyolab.com\/index.php?rest_route=\/wp\/v2\/pages\/4363\/revisions\/4421"}],"wp:attachment":[{"href":"https:\/\/qyolab.com\/index.php?rest_route=%2Fwp%2Fv2%2Fmedia&parent=4363"}],"curies":[{"name":"wp","href":"https:\/\/api.w.org\/{rel}","templated":true}]}}